{"id":1748,"date":"2021-12-07T11:52:59","date_gmt":"2021-12-07T10:52:59","guid":{"rendered":"https:\/\/dmstampa.it\/shop\/?post_type=product&#038;p=1748"},"modified":"2024-06-25T14:04:50","modified_gmt":"2024-06-25T12:04:50","slug":"carta-blu-back","status":"publish","type":"product","link":"https:\/\/shop.dmstampa.it\/index.php\/prodotto\/carta-blu-back\/","title":{"rendered":"Carta blu back"},"content":{"rendered":"<p><em>La\u00a0<strong>carta blue back\u00a0<\/strong>\u00e8 un prodotto particolarmente indicato per stampe con inchiostri a base solvente, siano essi eco-solvent, mid-solvent o low-solvent.<\/em><\/p>\n<p><em>La<strong>\u00a0carta blue pack\u00a0<\/strong>\u00e8 spesso utilizzata per le affissioni outdoor. Come dice il nome stesso, \u00e8 costituita da un retro di colore blu che assicura un buon livello di opacit\u00e0 e non lascia intravedere eventuali manifesti incollati sotto.<\/em><\/p>\n<p><em>Tra le sue qualit\u00e0, la\u00a0<strong>carta blue back<\/strong>\u00a0vanta l\u2019<strong>ottima resa estetica\u00a0<\/strong>e i\u00a0<strong>colori brillanti<\/strong>.<\/em><br \/>\n<em>\u00c8 inoltre un prodotto molto robusto, capace di resistente a strappi e danneggiamenti da agenti atmosferici (pioggia, vento, sole); per questo si ha una maggiore libert\u00e0 di affissione in luoghi esterni.<\/em><\/p>\n<p><em>Infine, la\u00a0<strong>carta blue back \u00e8 economica<\/strong>. Questo vantaggio \u00e8 fondamentale soprattutto se la si utilizza per le affissioni pubblicitarie che possono avere una durata davvero ridotta.<\/em><\/p>\n<p><em>I manifesti e le stampe che utilizzano una carta blue back sono stampabili su un solo lato.<\/em><\/p>\n<p><em>Ricapitolando,<strong> economicit\u00e0, brillantezza, definizione e rapida asciugatura<\/strong> fanno di questa carta un prodotto universale adatto per le stampe da affissione e molte altre applicazioni come vetrine in allestimento, manifesti per saldi e svendite.<\/em><\/p>\n","protected":false},"excerpt":{"rendered":"<p><em>La<strong>\u00a0carta\u00a0Blue Back<\/strong>\u00a0\u00e8 la carta che viene utilizzata per le\u00a0<strong>affissioni esterne<\/strong>, la pi\u00f9 adatta per le vostre campagne outdoor. <\/em><\/p>\n<p><em>Tutti i manifesti pubblicitari che vi \u00e8 capitato di vedere per strada, dal <strong>grande formato<\/strong>\u00a0al formato medio-piccolo sono stampati in carta blue back.\u00a0<\/em><\/p>\n<p><em>Sulla nostra piattaforma\u00a0online potrete trovare\u00a0<strong>carta blue back 120gr anti-spappolo e anti-intemperie,<\/strong>\u00a0pi\u00f9 spessa e quindi pi\u00f9 resistente della 115, la pi\u00f9 indicata per esterni.<\/em><\/p>\n<p><em> Pu\u00f2 resistere fino a 3 mesi, perch\u00e8 ben sopporta l\u2019usura causata dagli agenti atmosferici e grazie al suo fondo blu (il cosiddetto\u00a0blue back) garantisce la massima coprenza sulle affissioni <\/em><\/p>\n<p><em>preesistenti.<\/em><\/p>\n","protected":false},"featured_media":3244,"comment_status":"open","ping_status":"closed","template":"","meta":{"inline_featured_image":false},"product_cat":[39,226,242],"product_tag":[],"class_list":{"0":"post-1748","1":"product","2":"type-product","3":"status-publish","4":"has-post-thumbnail","6":"product_cat-locandine","7":"product_cat-manifesto","8":"product_cat-tipografia","9":"fpd-variation-needed","11":"first","12":"instock","13":"sold-individually","14":"taxable","15":"shipping-taxable","16":"purchasable","17":"product-type-simple"},"yoast_head":"<!-- This site is optimized with the Yoast SEO plugin v24.0 - https:\/\/yoast.com\/wordpress\/plugins\/seo\/ -->\n<title>Carta blu back - Shop DM Grafica<\/title>\n<meta name=\"description\" content=\"Shop DM Grafica\" \/>\n<meta name=\"robots\" content=\"index, follow, max-snippet:-1, max-image-preview:large, max-video-preview:-1\" \/>\n<link rel=\"canonical\" href=\"https:\/\/shop.dmstampa.it\/index.php\/prodotto\/carta-blu-back\/\" \/>\n<meta property=\"og:locale\" content=\"it_IT\" \/>\n<meta property=\"og:type\" content=\"article\" \/>\n<meta property=\"og:title\" content=\"Carta blu back - Shop DM Grafica\" \/>\n<meta property=\"og:description\" content=\"Shop DM Grafica\" \/>\n<meta property=\"og:url\" content=\"https:\/\/shop.dmstampa.it\/index.php\/prodotto\/carta-blu-back\/\" \/>\n<meta property=\"og:site_name\" content=\"Shop DM Grafica\" \/>\n<meta property=\"article:publisher\" content=\"https:\/\/www.facebook.com\/dmgraficaestampa\" \/>\n<meta property=\"article:modified_time\" content=\"2024-06-25T12:04:50+00:00\" \/>\n<meta property=\"og:image\" content=\"https:\/\/shop.dmstampa.it\/wp-content\/uploads\/2021\/12\/Categoria-10-12.jpg\" \/>\n\t<meta property=\"og:image:width\" content=\"1920\" \/>\n\t<meta property=\"og:image:height\" content=\"1278\" \/>\n\t<meta property=\"og:image:type\" content=\"image\/jpeg\" \/>\n<meta name=\"twitter:card\" content=\"summary_large_image\" \/>\n<meta name=\"twitter:label1\" content=\"Tempo di lettura stimato\" \/>\n\t<meta name=\"twitter:data1\" content=\"1 minuto\" \/>\n<script type=\"application\/ld+json\" class=\"yoast-schema-graph\">{\"@context\":\"https:\/\/schema.org\",\"@graph\":[{\"@type\":\"WebPage\",\"@id\":\"https:\/\/shop.dmstampa.it\/index.php\/prodotto\/carta-blu-back\/\",\"url\":\"https:\/\/shop.dmstampa.it\/index.php\/prodotto\/carta-blu-back\/\",\"name\":\"Carta blu back - Shop DM Grafica\",\"isPartOf\":{\"@id\":\"https:\/\/shop.dmstampa.it\/#website\"},\"primaryImageOfPage\":{\"@id\":\"https:\/\/shop.dmstampa.it\/index.php\/prodotto\/carta-blu-back\/#primaryimage\"},\"image\":{\"@id\":\"https:\/\/shop.dmstampa.it\/index.php\/prodotto\/carta-blu-back\/#primaryimage\"},\"thumbnailUrl\":\"https:\/\/i0.wp.com\/shop.dmstampa.it\/wp-content\/uploads\/2021\/12\/Categoria-10-12.jpg?fit=1920%2C1278&ssl=1\",\"datePublished\":\"2021-12-07T10:52:59+00:00\",\"dateModified\":\"2024-06-25T12:04:50+00:00\",\"description\":\"Shop DM Grafica\",\"breadcrumb\":{\"@id\":\"https:\/\/shop.dmstampa.it\/index.php\/prodotto\/carta-blu-back\/#breadcrumb\"},\"inLanguage\":\"it-IT\",\"potentialAction\":[{\"@type\":\"ReadAction\",\"target\":[\"https:\/\/shop.dmstampa.it\/index.php\/prodotto\/carta-blu-back\/\"]}]},{\"@type\":\"ImageObject\",\"inLanguage\":\"it-IT\",\"@id\":\"https:\/\/shop.dmstampa.it\/index.php\/prodotto\/carta-blu-back\/#primaryimage\",\"url\":\"https:\/\/i0.wp.com\/shop.dmstampa.it\/wp-content\/uploads\/2021\/12\/Categoria-10-12.jpg?fit=1920%2C1278&ssl=1\",\"contentUrl\":\"https:\/\/i0.wp.com\/shop.dmstampa.it\/wp-content\/uploads\/2021\/12\/Categoria-10-12.jpg?fit=1920%2C1278&ssl=1\",\"width\":1920,\"height\":1278},{\"@type\":\"BreadcrumbList\",\"@id\":\"https:\/\/shop.dmstampa.it\/index.php\/prodotto\/carta-blu-back\/#breadcrumb\",\"itemListElement\":[{\"@type\":\"ListItem\",\"position\":1,\"name\":\"Home\",\"item\":\"https:\/\/shop.dmstampa.it\/\"},{\"@type\":\"ListItem\",\"position\":2,\"name\":\"Shop\",\"item\":\"https:\/\/shop.dmstampa.it\/\"},{\"@type\":\"ListItem\",\"position\":3,\"name\":\"Carta blu back\"}]},{\"@type\":\"WebSite\",\"@id\":\"https:\/\/shop.dmstampa.it\/#website\",\"url\":\"https:\/\/shop.dmstampa.it\/\",\"name\":\"Shop DM Grafica\",\"description\":\"Shop DM grafica\",\"publisher\":{\"@id\":\"https:\/\/shop.dmstampa.it\/#organization\"},\"potentialAction\":[{\"@type\":\"SearchAction\",\"target\":{\"@type\":\"EntryPoint\",\"urlTemplate\":\"https:\/\/shop.dmstampa.it\/?s={search_term_string}\"},\"query-input\":{\"@type\":\"PropertyValueSpecification\",\"valueRequired\":true,\"valueName\":\"search_term_string\"}}],\"inLanguage\":\"it-IT\"},{\"@type\":\"Organization\",\"@id\":\"https:\/\/shop.dmstampa.it\/#organization\",\"name\":\"Shop DM Grafica\",\"url\":\"https:\/\/shop.dmstampa.it\/\",\"logo\":{\"@type\":\"ImageObject\",\"inLanguage\":\"it-IT\",\"@id\":\"https:\/\/shop.dmstampa.it\/#\/schema\/logo\/image\/\",\"url\":\"https:\/\/i0.wp.com\/shop.dmstampa.it\/wp-content\/uploads\/2021\/07\/logodm.png?fit=1700%2C1700&ssl=1\",\"contentUrl\":\"https:\/\/i0.wp.com\/shop.dmstampa.it\/wp-content\/uploads\/2021\/07\/logodm.png?fit=1700%2C1700&ssl=1\",\"width\":1700,\"height\":1700,\"caption\":\"Shop DM Grafica\"},\"image\":{\"@id\":\"https:\/\/shop.dmstampa.it\/#\/schema\/logo\/image\/\"},\"sameAs\":[\"https:\/\/www.facebook.com\/dmgraficaestampa\",\"https:\/\/www.instagram.com\/dm_grafica_stampa\/\"]}]}<\/script>\n<!-- \/ Yoast SEO plugin. -->","yoast_head_json":{"title":"Carta blu back - Shop DM Grafica","description":"Shop DM Grafica","robots":{"index":"index","follow":"follow","max-snippet":"max-snippet:-1","max-image-preview":"max-image-preview:large","max-video-preview":"max-video-preview:-1"},"canonical":"https:\/\/shop.dmstampa.it\/index.php\/prodotto\/carta-blu-back\/","og_locale":"it_IT","og_type":"article","og_title":"Carta blu back - Shop DM Grafica","og_description":"Shop DM Grafica","og_url":"https:\/\/shop.dmstampa.it\/index.php\/prodotto\/carta-blu-back\/","og_site_name":"Shop DM Grafica","article_publisher":"https:\/\/www.facebook.com\/dmgraficaestampa","article_modified_time":"2024-06-25T12:04:50+00:00","og_image":[{"width":1920,"height":1278,"url":"https:\/\/shop.dmstampa.it\/wp-content\/uploads\/2021\/12\/Categoria-10-12.jpg","type":"image\/jpeg"}],"twitter_card":"summary_large_image","twitter_misc":{"Tempo di lettura stimato":"1 minuto"},"schema":{"@context":"https:\/\/schema.org","@graph":[{"@type":"WebPage","@id":"https:\/\/shop.dmstampa.it\/index.php\/prodotto\/carta-blu-back\/","url":"https:\/\/shop.dmstampa.it\/index.php\/prodotto\/carta-blu-back\/","name":"Carta blu back - Shop DM Grafica","isPartOf":{"@id":"https:\/\/shop.dmstampa.it\/#website"},"primaryImageOfPage":{"@id":"https:\/\/shop.dmstampa.it\/index.php\/prodotto\/carta-blu-back\/#primaryimage"},"image":{"@id":"https:\/\/shop.dmstampa.it\/index.php\/prodotto\/carta-blu-back\/#primaryimage"},"thumbnailUrl":"https:\/\/i0.wp.com\/shop.dmstampa.it\/wp-content\/uploads\/2021\/12\/Categoria-10-12.jpg?fit=1920%2C1278&ssl=1","datePublished":"2021-12-07T10:52:59+00:00","dateModified":"2024-06-25T12:04:50+00:00","description":"Shop DM Grafica","breadcrumb":{"@id":"https:\/\/shop.dmstampa.it\/index.php\/prodotto\/carta-blu-back\/#breadcrumb"},"inLanguage":"it-IT","potentialAction":[{"@type":"ReadAction","target":["https:\/\/shop.dmstampa.it\/index.php\/prodotto\/carta-blu-back\/"]}]},{"@type":"ImageObject","inLanguage":"it-IT","@id":"https:\/\/shop.dmstampa.it\/index.php\/prodotto\/carta-blu-back\/#primaryimage","url":"https:\/\/i0.wp.com\/shop.dmstampa.it\/wp-content\/uploads\/2021\/12\/Categoria-10-12.jpg?fit=1920%2C1278&ssl=1","contentUrl":"https:\/\/i0.wp.com\/shop.dmstampa.it\/wp-content\/uploads\/2021\/12\/Categoria-10-12.jpg?fit=1920%2C1278&ssl=1","width":1920,"height":1278},{"@type":"BreadcrumbList","@id":"https:\/\/shop.dmstampa.it\/index.php\/prodotto\/carta-blu-back\/#breadcrumb","itemListElement":[{"@type":"ListItem","position":1,"name":"Home","item":"https:\/\/shop.dmstampa.it\/"},{"@type":"ListItem","position":2,"name":"Shop","item":"https:\/\/shop.dmstampa.it\/"},{"@type":"ListItem","position":3,"name":"Carta blu back"}]},{"@type":"WebSite","@id":"https:\/\/shop.dmstampa.it\/#website","url":"https:\/\/shop.dmstampa.it\/","name":"Shop DM Grafica","description":"Shop DM grafica","publisher":{"@id":"https:\/\/shop.dmstampa.it\/#organization"},"potentialAction":[{"@type":"SearchAction","target":{"@type":"EntryPoint","urlTemplate":"https:\/\/shop.dmstampa.it\/?s={search_term_string}"},"query-input":{"@type":"PropertyValueSpecification","valueRequired":true,"valueName":"search_term_string"}}],"inLanguage":"it-IT"},{"@type":"Organization","@id":"https:\/\/shop.dmstampa.it\/#organization","name":"Shop DM Grafica","url":"https:\/\/shop.dmstampa.it\/","logo":{"@type":"ImageObject","inLanguage":"it-IT","@id":"https:\/\/shop.dmstampa.it\/#\/schema\/logo\/image\/","url":"https:\/\/i0.wp.com\/shop.dmstampa.it\/wp-content\/uploads\/2021\/07\/logodm.png?fit=1700%2C1700&ssl=1","contentUrl":"https:\/\/i0.wp.com\/shop.dmstampa.it\/wp-content\/uploads\/2021\/07\/logodm.png?fit=1700%2C1700&ssl=1","width":1700,"height":1700,"caption":"Shop DM Grafica"},"image":{"@id":"https:\/\/shop.dmstampa.it\/#\/schema\/logo\/image\/"},"sameAs":["https:\/\/www.facebook.com\/dmgraficaestampa","https:\/\/www.instagram.com\/dm_grafica_stampa\/"]}]}},"jetpack-related-posts":[],"jetpack_sharing_enabled":true,"_links":{"self":[{"href":"https:\/\/shop.dmstampa.it\/index.php\/wp-json\/wp\/v2\/product\/1748","targetHints":{"allow":["GET"]}}],"collection":[{"href":"https:\/\/shop.dmstampa.it\/index.php\/wp-json\/wp\/v2\/product"}],"about":[{"href":"https:\/\/shop.dmstampa.it\/index.php\/wp-json\/wp\/v2\/types\/product"}],"replies":[{"embeddable":true,"href":"https:\/\/shop.dmstampa.it\/index.php\/wp-json\/wp\/v2\/comments?post=1748"}],"wp:featuredmedia":[{"embeddable":true,"href":"https:\/\/shop.dmstampa.it\/index.php\/wp-json\/wp\/v2\/media\/3244"}],"wp:attachment":[{"href":"https:\/\/shop.dmstampa.it\/index.php\/wp-json\/wp\/v2\/media?parent=1748"}],"wp:term":[{"taxonomy":"product_cat","embeddable":true,"href":"https:\/\/shop.dmstampa.it\/index.php\/wp-json\/wp\/v2\/product_cat?post=1748"},{"taxonomy":"product_tag","embeddable":true,"href":"https:\/\/shop.dmstampa.it\/index.php\/wp-json\/wp\/v2\/product_tag?post=1748"}],"curies":[{"name":"wp","href":"https:\/\/api.w.org\/{rel}","templated":true}]}}