{"id":1759,"date":"2021-12-07T12:05:56","date_gmt":"2021-12-07T11:05:56","guid":{"rendered":"https:\/\/dmstampa.it\/shop\/?post_type=product&#038;p=1759"},"modified":"2024-06-25T14:05:38","modified_gmt":"2024-06-25T12:05:38","slug":"polionda-5-mm","status":"publish","type":"product","link":"https:\/\/shop.dmstampa.it\/index.php\/prodotto\/polionda-5-mm\/","title":{"rendered":"Polionda 5 mm"},"content":{"rendered":"<p><em>Il\u00a0<strong>Polionda<\/strong>\u00a0\u00e8 il supporto rigido pi\u00f9 leggero da utilizzare per la creazione di prodotti promozionali da esterno.<\/em><\/p>\n<p><em>Viene utilizzato molto per la\u00a0<strong>produzione di cartellonistica<\/strong>\u00a0di ogni tipo, poich\u00e9 si tratta di un materiale resistente agli sbalzi termici e agli agenti atmosferici.<\/em><\/p>\n<p><em>\u00c8 inoltre molto leggero e versatile, quindi pu\u00f2 essere sfruttato in numerosissimi contesti: luoghi di lavoro come cantieri o stabilimenti, eventi, promozione outdoor ecc. <\/em><\/p>\n<p><em>Il Polionda \u00e8 un materiale plastico derivato dall\u2019elaborazione del\u00a0<strong>polipropilene alveolare<\/strong>, attraverso un processo che non reca danno all\u2019ambiente e alla salute. <\/em><\/p>\n<p><em>Trattandosi di un supporto plastico, \u00e8 dotato di una naturale elasticit\u00e0 che gli conferisce una grande\u00a0<strong>affidabilit\u00e0<\/strong>\u00a0anche sotto forte stress: resiste agli urti, ai liquidi e alle alte o basse temperature.<\/em><\/p>\n<p>&nbsp;<\/p>\n","protected":false},"excerpt":{"rendered":"<p><em><strong>Polionda 5 mm<\/strong><\/em><\/p>\n<p><em>Il Polionda si rivela anche incredibilmente <strong>adatto alla stampa<\/strong>, che pu\u00f2 essere applicata su entrambi i lati del pannello. Hai la possibilit\u00e0 di ordinare online i tuoi prodotti promozionali in polipropilene in comodit\u00e0, con pochi click.<\/em><\/p>\n<p><em>Riceverai dei supporti creati ad hoc per il tuo contesto d\u2019utilizzo, gi\u00e0 pronti per l\u2019installazione e per l\u2019uso.<\/em><\/p>\n<p><em><strong>Qualit\u00e0<\/strong>\u00a0e\u00a0<strong>puntualit\u00e0 del servizio<\/strong> sono i due fattori che guidano il nostro lavoro quotidiano, e che portano i nostri clienti ad usufruire nuovamente dei nostri prodotti.<\/em><\/p>\n","protected":false},"featured_media":3227,"comment_status":"open","ping_status":"closed","template":"","meta":{"inline_featured_image":false},"product_cat":[44,242],"product_tag":[],"class_list":{"0":"post-1759","1":"product","2":"type-product","3":"status-publish","4":"has-post-thumbnail","6":"product_cat-stampa-grande-formato","7":"product_cat-tipografia","8":"fpd-variation-needed","10":"first","11":"instock","12":"taxable","13":"shipping-taxable","14":"purchasable","15":"product-type-simple"},"yoast_head":"<!-- This site is optimized with the Yoast SEO plugin v24.0 - https:\/\/yoast.com\/wordpress\/plugins\/seo\/ -->\n<title>Polionda 5 mm - Shop DM Grafica<\/title>\n<meta name=\"description\" content=\"Shop DM Grafica\" \/>\n<meta name=\"robots\" content=\"index, follow, max-snippet:-1, max-image-preview:large, max-video-preview:-1\" \/>\n<link rel=\"canonical\" href=\"https:\/\/shop.dmstampa.it\/index.php\/prodotto\/polionda-5-mm\/\" \/>\n<meta property=\"og:locale\" content=\"it_IT\" \/>\n<meta property=\"og:type\" content=\"article\" \/>\n<meta property=\"og:title\" content=\"Polionda 5 mm - Shop DM Grafica\" \/>\n<meta property=\"og:description\" content=\"Shop DM Grafica\" \/>\n<meta property=\"og:url\" content=\"https:\/\/shop.dmstampa.it\/index.php\/prodotto\/polionda-5-mm\/\" \/>\n<meta property=\"og:site_name\" content=\"Shop DM Grafica\" \/>\n<meta property=\"article:publisher\" content=\"https:\/\/www.facebook.com\/dmgraficaestampa\" \/>\n<meta property=\"article:modified_time\" content=\"2024-06-25T12:05:38+00:00\" \/>\n<meta property=\"og:image\" content=\"https:\/\/shop.dmstampa.it\/wp-content\/uploads\/2021\/12\/container-157.webp\" \/>\n\t<meta property=\"og:image:width\" content=\"1200\" \/>\n\t<meta property=\"og:image:height\" content=\"676\" \/>\n\t<meta property=\"og:image:type\" content=\"image\/webp\" \/>\n<meta name=\"twitter:card\" content=\"summary_large_image\" \/>\n<meta name=\"twitter:label1\" content=\"Tempo di lettura stimato\" \/>\n\t<meta name=\"twitter:data1\" content=\"1 minuto\" \/>\n<script type=\"application\/ld+json\" class=\"yoast-schema-graph\">{\"@context\":\"https:\/\/schema.org\",\"@graph\":[{\"@type\":\"WebPage\",\"@id\":\"https:\/\/shop.dmstampa.it\/index.php\/prodotto\/polionda-5-mm\/\",\"url\":\"https:\/\/shop.dmstampa.it\/index.php\/prodotto\/polionda-5-mm\/\",\"name\":\"Polionda 5 mm - Shop DM Grafica\",\"isPartOf\":{\"@id\":\"https:\/\/shop.dmstampa.it\/#website\"},\"primaryImageOfPage\":{\"@id\":\"https:\/\/shop.dmstampa.it\/index.php\/prodotto\/polionda-5-mm\/#primaryimage\"},\"image\":{\"@id\":\"https:\/\/shop.dmstampa.it\/index.php\/prodotto\/polionda-5-mm\/#primaryimage\"},\"thumbnailUrl\":\"https:\/\/i0.wp.com\/shop.dmstampa.it\/wp-content\/uploads\/2021\/12\/container-157.webp?fit=1200%2C676&ssl=1\",\"datePublished\":\"2021-12-07T11:05:56+00:00\",\"dateModified\":\"2024-06-25T12:05:38+00:00\",\"description\":\"Shop DM Grafica\",\"breadcrumb\":{\"@id\":\"https:\/\/shop.dmstampa.it\/index.php\/prodotto\/polionda-5-mm\/#breadcrumb\"},\"inLanguage\":\"it-IT\",\"potentialAction\":[{\"@type\":\"ReadAction\",\"target\":[\"https:\/\/shop.dmstampa.it\/index.php\/prodotto\/polionda-5-mm\/\"]}]},{\"@type\":\"ImageObject\",\"inLanguage\":\"it-IT\",\"@id\":\"https:\/\/shop.dmstampa.it\/index.php\/prodotto\/polionda-5-mm\/#primaryimage\",\"url\":\"https:\/\/i0.wp.com\/shop.dmstampa.it\/wp-content\/uploads\/2021\/12\/container-157.webp?fit=1200%2C676&ssl=1\",\"contentUrl\":\"https:\/\/i0.wp.com\/shop.dmstampa.it\/wp-content\/uploads\/2021\/12\/container-157.webp?fit=1200%2C676&ssl=1\",\"width\":1200,\"height\":676},{\"@type\":\"BreadcrumbList\",\"@id\":\"https:\/\/shop.dmstampa.it\/index.php\/prodotto\/polionda-5-mm\/#breadcrumb\",\"itemListElement\":[{\"@type\":\"ListItem\",\"position\":1,\"name\":\"Home\",\"item\":\"https:\/\/shop.dmstampa.it\/\"},{\"@type\":\"ListItem\",\"position\":2,\"name\":\"Shop\",\"item\":\"https:\/\/shop.dmstampa.it\/\"},{\"@type\":\"ListItem\",\"position\":3,\"name\":\"Polionda 5 mm\"}]},{\"@type\":\"WebSite\",\"@id\":\"https:\/\/shop.dmstampa.it\/#website\",\"url\":\"https:\/\/shop.dmstampa.it\/\",\"name\":\"Shop DM Grafica\",\"description\":\"Shop DM grafica\",\"publisher\":{\"@id\":\"https:\/\/shop.dmstampa.it\/#organization\"},\"potentialAction\":[{\"@type\":\"SearchAction\",\"target\":{\"@type\":\"EntryPoint\",\"urlTemplate\":\"https:\/\/shop.dmstampa.it\/?s={search_term_string}\"},\"query-input\":{\"@type\":\"PropertyValueSpecification\",\"valueRequired\":true,\"valueName\":\"search_term_string\"}}],\"inLanguage\":\"it-IT\"},{\"@type\":\"Organization\",\"@id\":\"https:\/\/shop.dmstampa.it\/#organization\",\"name\":\"Shop DM Grafica\",\"url\":\"https:\/\/shop.dmstampa.it\/\",\"logo\":{\"@type\":\"ImageObject\",\"inLanguage\":\"it-IT\",\"@id\":\"https:\/\/shop.dmstampa.it\/#\/schema\/logo\/image\/\",\"url\":\"https:\/\/i0.wp.com\/shop.dmstampa.it\/wp-content\/uploads\/2021\/07\/logodm.png?fit=1700%2C1700&ssl=1\",\"contentUrl\":\"https:\/\/i0.wp.com\/shop.dmstampa.it\/wp-content\/uploads\/2021\/07\/logodm.png?fit=1700%2C1700&ssl=1\",\"width\":1700,\"height\":1700,\"caption\":\"Shop DM Grafica\"},\"image\":{\"@id\":\"https:\/\/shop.dmstampa.it\/#\/schema\/logo\/image\/\"},\"sameAs\":[\"https:\/\/www.facebook.com\/dmgraficaestampa\",\"https:\/\/www.instagram.com\/dm_grafica_stampa\/\"]}]}<\/script>\n<!-- \/ Yoast SEO plugin. -->","yoast_head_json":{"title":"Polionda 5 mm - Shop DM Grafica","description":"Shop DM Grafica","robots":{"index":"index","follow":"follow","max-snippet":"max-snippet:-1","max-image-preview":"max-image-preview:large","max-video-preview":"max-video-preview:-1"},"canonical":"https:\/\/shop.dmstampa.it\/index.php\/prodotto\/polionda-5-mm\/","og_locale":"it_IT","og_type":"article","og_title":"Polionda 5 mm - Shop DM Grafica","og_description":"Shop DM Grafica","og_url":"https:\/\/shop.dmstampa.it\/index.php\/prodotto\/polionda-5-mm\/","og_site_name":"Shop DM Grafica","article_publisher":"https:\/\/www.facebook.com\/dmgraficaestampa","article_modified_time":"2024-06-25T12:05:38+00:00","og_image":[{"width":1200,"height":676,"url":"https:\/\/shop.dmstampa.it\/wp-content\/uploads\/2021\/12\/container-157.webp","type":"image\/webp"}],"twitter_card":"summary_large_image","twitter_misc":{"Tempo di lettura stimato":"1 minuto"},"schema":{"@context":"https:\/\/schema.org","@graph":[{"@type":"WebPage","@id":"https:\/\/shop.dmstampa.it\/index.php\/prodotto\/polionda-5-mm\/","url":"https:\/\/shop.dmstampa.it\/index.php\/prodotto\/polionda-5-mm\/","name":"Polionda 5 mm - Shop DM Grafica","isPartOf":{"@id":"https:\/\/shop.dmstampa.it\/#website"},"primaryImageOfPage":{"@id":"https:\/\/shop.dmstampa.it\/index.php\/prodotto\/polionda-5-mm\/#primaryimage"},"image":{"@id":"https:\/\/shop.dmstampa.it\/index.php\/prodotto\/polionda-5-mm\/#primaryimage"},"thumbnailUrl":"https:\/\/i0.wp.com\/shop.dmstampa.it\/wp-content\/uploads\/2021\/12\/container-157.webp?fit=1200%2C676&ssl=1","datePublished":"2021-12-07T11:05:56+00:00","dateModified":"2024-06-25T12:05:38+00:00","description":"Shop DM Grafica","breadcrumb":{"@id":"https:\/\/shop.dmstampa.it\/index.php\/prodotto\/polionda-5-mm\/#breadcrumb"},"inLanguage":"it-IT","potentialAction":[{"@type":"ReadAction","target":["https:\/\/shop.dmstampa.it\/index.php\/prodotto\/polionda-5-mm\/"]}]},{"@type":"ImageObject","inLanguage":"it-IT","@id":"https:\/\/shop.dmstampa.it\/index.php\/prodotto\/polionda-5-mm\/#primaryimage","url":"https:\/\/i0.wp.com\/shop.dmstampa.it\/wp-content\/uploads\/2021\/12\/container-157.webp?fit=1200%2C676&ssl=1","contentUrl":"https:\/\/i0.wp.com\/shop.dmstampa.it\/wp-content\/uploads\/2021\/12\/container-157.webp?fit=1200%2C676&ssl=1","width":1200,"height":676},{"@type":"BreadcrumbList","@id":"https:\/\/shop.dmstampa.it\/index.php\/prodotto\/polionda-5-mm\/#breadcrumb","itemListElement":[{"@type":"ListItem","position":1,"name":"Home","item":"https:\/\/shop.dmstampa.it\/"},{"@type":"ListItem","position":2,"name":"Shop","item":"https:\/\/shop.dmstampa.it\/"},{"@type":"ListItem","position":3,"name":"Polionda 5 mm"}]},{"@type":"WebSite","@id":"https:\/\/shop.dmstampa.it\/#website","url":"https:\/\/shop.dmstampa.it\/","name":"Shop DM Grafica","description":"Shop DM grafica","publisher":{"@id":"https:\/\/shop.dmstampa.it\/#organization"},"potentialAction":[{"@type":"SearchAction","target":{"@type":"EntryPoint","urlTemplate":"https:\/\/shop.dmstampa.it\/?s={search_term_string}"},"query-input":{"@type":"PropertyValueSpecification","valueRequired":true,"valueName":"search_term_string"}}],"inLanguage":"it-IT"},{"@type":"Organization","@id":"https:\/\/shop.dmstampa.it\/#organization","name":"Shop DM Grafica","url":"https:\/\/shop.dmstampa.it\/","logo":{"@type":"ImageObject","inLanguage":"it-IT","@id":"https:\/\/shop.dmstampa.it\/#\/schema\/logo\/image\/","url":"https:\/\/i0.wp.com\/shop.dmstampa.it\/wp-content\/uploads\/2021\/07\/logodm.png?fit=1700%2C1700&ssl=1","contentUrl":"https:\/\/i0.wp.com\/shop.dmstampa.it\/wp-content\/uploads\/2021\/07\/logodm.png?fit=1700%2C1700&ssl=1","width":1700,"height":1700,"caption":"Shop DM Grafica"},"image":{"@id":"https:\/\/shop.dmstampa.it\/#\/schema\/logo\/image\/"},"sameAs":["https:\/\/www.facebook.com\/dmgraficaestampa","https:\/\/www.instagram.com\/dm_grafica_stampa\/"]}]}},"jetpack-related-posts":[],"jetpack_sharing_enabled":true,"_links":{"self":[{"href":"https:\/\/shop.dmstampa.it\/index.php\/wp-json\/wp\/v2\/product\/1759","targetHints":{"allow":["GET"]}}],"collection":[{"href":"https:\/\/shop.dmstampa.it\/index.php\/wp-json\/wp\/v2\/product"}],"about":[{"href":"https:\/\/shop.dmstampa.it\/index.php\/wp-json\/wp\/v2\/types\/product"}],"replies":[{"embeddable":true,"href":"https:\/\/shop.dmstampa.it\/index.php\/wp-json\/wp\/v2\/comments?post=1759"}],"wp:featuredmedia":[{"embeddable":true,"href":"https:\/\/shop.dmstampa.it\/index.php\/wp-json\/wp\/v2\/media\/3227"}],"wp:attachment":[{"href":"https:\/\/shop.dmstampa.it\/index.php\/wp-json\/wp\/v2\/media?parent=1759"}],"wp:term":[{"taxonomy":"product_cat","embeddable":true,"href":"https:\/\/shop.dmstampa.it\/index.php\/wp-json\/wp\/v2\/product_cat?post=1759"},{"taxonomy":"product_tag","embeddable":true,"href":"https:\/\/shop.dmstampa.it\/index.php\/wp-json\/wp\/v2\/product_tag?post=1759"}],"curies":[{"name":"wp","href":"https:\/\/api.w.org\/{rel}","templated":true}]}}